{"id":3070,"date":"2019-04-30T11:09:22","date_gmt":"2019-04-30T09:09:22","guid":{"rendered":"https:\/\/dalecarnegie.ch\/?page_id=3070"},"modified":"2021-04-23T13:30:25","modified_gmt":"2021-04-23T11:30:25","slug":"dankeseite-kurs-fuehrung","status":"publish","type":"page","link":"https:\/\/dale-carnegie.ch\/de\/dankeseite-kurs-fuehrung\/","title":{"rendered":"Dankeseite Kurs F\u00fchrung"},"content":{"rendered":"\t\t<div data-elementor-type=\"wp-post\" data-elementor-id=\"3070\" class=\"elementor elementor-3070\" data-elementor-post-type=\"page\">\n\t\t\t\t\t\t<section class=\"elementor-section elementor-top-section elementor-element elementor-element-6ccb64df elementor-section-boxed elementor-section-height-default elementor-section-height-default\" data-id=\"6ccb64df\" data-element_type=\"section\">\n\t\t\t\t\t\t<div class=\"elementor-container elementor-column-gap-default\">\n\t\t\t\t\t<div class=\"elementor-column elementor-col-100 elementor-top-column elementor-element elementor-element-71382eba\" data-id=\"71382eba\" data-element_type=\"column\">\n\t\t\t<div class=\"elementor-widget-wrap elementor-element-populated\">\n\t\t\t\t\t\t<div class=\"elementor-element elementor-element-65aa2da0 elementor-widget elementor-widget-heading\" data-id=\"65aa2da0\" data-element_type=\"widget\" data-widget_type=\"heading.default\">\n\t\t\t\t<div class=\"elementor-widget-container\">\n\t\t\t\t\t<h1 class=\"elementor-heading-title elementor-size-default\"><br>Vielen Dank f\u00fcr Ihre Kursanmeldung!<br><br><\/h1>\t\t\t\t<\/div>\n\t\t\t\t<\/div>\n\t\t\t\t\t<\/div>\n\t\t<\/div>\n\t\t\t\t\t<\/div>\n\t\t<\/section>\n\t\t\t\t<section class=\"elementor-section elementor-top-section elementor-element elementor-element-24ae21b elementor-section-boxed elementor-section-height-default elementor-section-height-default\" data-id=\"24ae21b\" data-element_type=\"section\">\n\t\t\t\t\t\t<div class=\"elementor-container elementor-column-gap-default\">\n\t\t\t\t\t<div class=\"elementor-column elementor-col-100 elementor-top-column elementor-element elementor-element-c6e2a1b\" data-id=\"c6e2a1b\" data-element_type=\"column\">\n\t\t\t<div class=\"elementor-widget-wrap elementor-element-populated\">\n\t\t\t\t\t\t<div class=\"elementor-element elementor-element-4551154 elementor-widget elementor-widget-text-editor\" data-id=\"4551154\" data-element_type=\"widget\" data-widget_type=\"text-editor.default\">\n\t\t\t\t<div class=\"elementor-widget-container\">\n\t\t\t\t\t\t\t\t\t<p>Ihre Anmeldung wurde erfolgreich \u00fcbermittelt. Wir haben Sie als Teilnehmer registriert.<br>Sie erhalten per E-Mail eine Best\u00e4tigung Ihrer Anmeldung.<\/p>\n<p>Wir freuen uns, Sie bald bei uns begr\u00fcssen zu d\u00fcrfen.<\/p><p><br><\/p>\t\t\t\t\t\t\t\t<\/div>\n\t\t\t\t<\/div>\n\t\t\t\t\t<\/div>\n\t\t<\/div>\n\t\t\t\t\t<\/div>\n\t\t<\/section>\n\t\t\t\t<\/div>\n\t\t","protected":false},"excerpt":{"rendered":"<p>Vielen Dank f\u00fcr Ihre Kursanmeldung! Ihre Anmeldung wurde erfolgreich \u00fcbermittelt. Wir haben Sie als Teilnehmer registriert. Sie erhalten per E-Mail eine Best\u00e4tigung Ihrer Anmeldung. Wir freuen uns, Sie bald bei uns begr\u00fcssen zu d\u00fcrfen.<\/p>\n","protected":false},"author":1,"featured_media":0,"parent":0,"menu_order":0,"comment_status":"closed","ping_status":"closed","template":"","meta":{"footnotes":""},"class_list":["post-3070","page","type-page","status-publish"],"yoast_head":"<!-- This site is optimized with the Yoast SEO plugin v24.9 - https:\/\/yoast.com\/wordpress\/plugins\/seo\/ -->\n<title>Dankeseite Kurs F\u00fchrung - Dale Carnegie Training Schweiz<\/title>\n<meta name=\"robots\" content=\"index, follow, max-snippet:-1, max-image-preview:large, max-video-preview:-1\" \/>\n<link rel=\"canonical\" href=\"https:\/\/dale-carnegie.ch\/de\/dankeseite-kurs-fuehrung\/\" \/>\n<meta property=\"og:locale\" content=\"de_DE\" \/>\n<meta property=\"og:type\" content=\"article\" \/>\n<meta property=\"og:title\" content=\"Dankeseite Kurs F\u00fchrung - Dale Carnegie Training Schweiz\" \/>\n<meta property=\"og:description\" content=\"Vielen Dank f\u00fcr Ihre Kursanmeldung! Ihre Anmeldung wurde erfolgreich \u00fcbermittelt. Wir haben Sie als Teilnehmer registriert. Sie erhalten per E-Mail eine Best\u00e4tigung Ihrer Anmeldung. Wir freuen uns, Sie bald bei uns begr\u00fcssen zu d\u00fcrfen.\" \/>\n<meta property=\"og:url\" content=\"https:\/\/dale-carnegie.ch\/de\/dankeseite-kurs-fuehrung\/\" \/>\n<meta property=\"og:site_name\" content=\"Dale Carnegie Training Schweiz\" \/>\n<meta property=\"article:publisher\" content=\"https:\/\/www.facebook.com\/DaleCarnegieTrainingSchweiz\/\" \/>\n<meta property=\"article:modified_time\" content=\"2021-04-23T11:30:25+00:00\" \/>\n<meta name=\"twitter:card\" content=\"summary_large_image\" \/>\n<meta name=\"twitter:label1\" content=\"Gesch\u00e4tzte Lesezeit\" \/>\n\t<meta name=\"twitter:data1\" content=\"1\u00a0Minute\" \/>\n<script type=\"application\/ld+json\" class=\"yoast-schema-graph\">{\"@context\":\"https:\/\/schema.org\",\"@graph\":[{\"@type\":\"WebPage\",\"@id\":\"https:\/\/dale-carnegie.ch\/de\/dankeseite-kurs-fuehrung\/\",\"url\":\"https:\/\/dale-carnegie.ch\/de\/dankeseite-kurs-fuehrung\/\",\"name\":\"Dankeseite Kurs F\u00fchrung - Dale Carnegie Training Schweiz\",\"isPartOf\":{\"@id\":\"https:\/\/dale-carnegie.ch\/de\/#website\"},\"datePublished\":\"2019-04-30T09:09:22+00:00\",\"dateModified\":\"2021-04-23T11:30:25+00:00\",\"breadcrumb\":{\"@id\":\"https:\/\/dale-carnegie.ch\/de\/dankeseite-kurs-fuehrung\/#breadcrumb\"},\"inLanguage\":\"de\",\"potentialAction\":[{\"@type\":\"ReadAction\",\"target\":[\"https:\/\/dale-carnegie.ch\/de\/dankeseite-kurs-fuehrung\/\"]}]},{\"@type\":\"BreadcrumbList\",\"@id\":\"https:\/\/dale-carnegie.ch\/de\/dankeseite-kurs-fuehrung\/#breadcrumb\",\"itemListElement\":[{\"@type\":\"ListItem\",\"position\":1,\"name\":\"Startseite\",\"item\":\"https:\/\/dale-carnegie.ch\/de\/\"},{\"@type\":\"ListItem\",\"position\":2,\"name\":\"Dankeseite Kurs F\u00fchrung\"}]},{\"@type\":\"WebSite\",\"@id\":\"https:\/\/dale-carnegie.ch\/de\/#website\",\"url\":\"https:\/\/dale-carnegie.ch\/de\/\",\"name\":\"Dale Carnegie Training Schweiz\",\"description\":\"Dale Carnegie Training Schweiz\",\"publisher\":{\"@id\":\"https:\/\/dale-carnegie.ch\/de\/#organization\"},\"potentialAction\":[{\"@type\":\"SearchAction\",\"target\":{\"@type\":\"EntryPoint\",\"urlTemplate\":\"https:\/\/dale-carnegie.ch\/de\/?s={search_term_string}\"},\"query-input\":{\"@type\":\"PropertyValueSpecification\",\"valueRequired\":true,\"valueName\":\"search_term_string\"}}],\"inLanguage\":\"de\"},{\"@type\":\"Organization\",\"@id\":\"https:\/\/dale-carnegie.ch\/de\/#organization\",\"name\":\"Dale Carnegie Training Schweiz\",\"url\":\"https:\/\/dale-carnegie.ch\/de\/\",\"logo\":{\"@type\":\"ImageObject\",\"inLanguage\":\"de\",\"@id\":\"https:\/\/dale-carnegie.ch\/de\/#\/schema\/logo\/image\/\",\"url\":\"https:\/\/dale-carnegie.ch\/wp-content\/uploads\/dalecarnegie_logo.svg\",\"contentUrl\":\"https:\/\/dale-carnegie.ch\/wp-content\/uploads\/dalecarnegie_logo.svg\",\"caption\":\"Dale Carnegie Training Schweiz\"},\"image\":{\"@id\":\"https:\/\/dale-carnegie.ch\/de\/#\/schema\/logo\/image\/\"},\"sameAs\":[\"https:\/\/www.facebook.com\/DaleCarnegieTrainingSchweiz\/\",\"https:\/\/www.linkedin.com\/company\/dale-carnegie-training-schweiz\/\",\"https:\/\/www.youtube.com\/user\/pal8583\"]}]}<\/script>\n<!-- \/ Yoast SEO plugin. -->","yoast_head_json":{"title":"Dankeseite Kurs F\u00fchrung - Dale Carnegie Training Schweiz","robots":{"index":"index","follow":"follow","max-snippet":"max-snippet:-1","max-image-preview":"max-image-preview:large","max-video-preview":"max-video-preview:-1"},"canonical":"https:\/\/dale-carnegie.ch\/de\/dankeseite-kurs-fuehrung\/","og_locale":"de_DE","og_type":"article","og_title":"Dankeseite Kurs F\u00fchrung - Dale Carnegie Training Schweiz","og_description":"Vielen Dank f\u00fcr Ihre Kursanmeldung! Ihre Anmeldung wurde erfolgreich \u00fcbermittelt. Wir haben Sie als Teilnehmer registriert. Sie erhalten per E-Mail eine Best\u00e4tigung Ihrer Anmeldung. Wir freuen uns, Sie bald bei uns begr\u00fcssen zu d\u00fcrfen.","og_url":"https:\/\/dale-carnegie.ch\/de\/dankeseite-kurs-fuehrung\/","og_site_name":"Dale Carnegie Training Schweiz","article_publisher":"https:\/\/www.facebook.com\/DaleCarnegieTrainingSchweiz\/","article_modified_time":"2021-04-23T11:30:25+00:00","twitter_card":"summary_large_image","twitter_misc":{"Gesch\u00e4tzte Lesezeit":"1\u00a0Minute"},"schema":{"@context":"https:\/\/schema.org","@graph":[{"@type":"WebPage","@id":"https:\/\/dale-carnegie.ch\/de\/dankeseite-kurs-fuehrung\/","url":"https:\/\/dale-carnegie.ch\/de\/dankeseite-kurs-fuehrung\/","name":"Dankeseite Kurs F\u00fchrung - Dale Carnegie Training Schweiz","isPartOf":{"@id":"https:\/\/dale-carnegie.ch\/de\/#website"},"datePublished":"2019-04-30T09:09:22+00:00","dateModified":"2021-04-23T11:30:25+00:00","breadcrumb":{"@id":"https:\/\/dale-carnegie.ch\/de\/dankeseite-kurs-fuehrung\/#breadcrumb"},"inLanguage":"de","potentialAction":[{"@type":"ReadAction","target":["https:\/\/dale-carnegie.ch\/de\/dankeseite-kurs-fuehrung\/"]}]},{"@type":"BreadcrumbList","@id":"https:\/\/dale-carnegie.ch\/de\/dankeseite-kurs-fuehrung\/#breadcrumb","itemListElement":[{"@type":"ListItem","position":1,"name":"Startseite","item":"https:\/\/dale-carnegie.ch\/de\/"},{"@type":"ListItem","position":2,"name":"Dankeseite Kurs F\u00fchrung"}]},{"@type":"WebSite","@id":"https:\/\/dale-carnegie.ch\/de\/#website","url":"https:\/\/dale-carnegie.ch\/de\/","name":"Dale Carnegie Training Schweiz","description":"Dale Carnegie Training Schweiz","publisher":{"@id":"https:\/\/dale-carnegie.ch\/de\/#organization"},"potentialAction":[{"@type":"SearchAction","target":{"@type":"EntryPoint","urlTemplate":"https:\/\/dale-carnegie.ch\/de\/?s={search_term_string}"},"query-input":{"@type":"PropertyValueSpecification","valueRequired":true,"valueName":"search_term_string"}}],"inLanguage":"de"},{"@type":"Organization","@id":"https:\/\/dale-carnegie.ch\/de\/#organization","name":"Dale Carnegie Training Schweiz","url":"https:\/\/dale-carnegie.ch\/de\/","logo":{"@type":"ImageObject","inLanguage":"de","@id":"https:\/\/dale-carnegie.ch\/de\/#\/schema\/logo\/image\/","url":"https:\/\/dale-carnegie.ch\/wp-content\/uploads\/dalecarnegie_logo.svg","contentUrl":"https:\/\/dale-carnegie.ch\/wp-content\/uploads\/dalecarnegie_logo.svg","caption":"Dale Carnegie Training Schweiz"},"image":{"@id":"https:\/\/dale-carnegie.ch\/de\/#\/schema\/logo\/image\/"},"sameAs":["https:\/\/www.facebook.com\/DaleCarnegieTrainingSchweiz\/","https:\/\/www.linkedin.com\/company\/dale-carnegie-training-schweiz\/","https:\/\/www.youtube.com\/user\/pal8583"]}]}},"_links":{"self":[{"href":"https:\/\/dale-carnegie.ch\/de\/wp-json\/wp\/v2\/pages\/3070","targetHints":{"allow":["GET"]}}],"collection":[{"href":"https:\/\/dale-carnegie.ch\/de\/wp-json\/wp\/v2\/pages"}],"about":[{"href":"https:\/\/dale-carnegie.ch\/de\/wp-json\/wp\/v2\/types\/page"}],"author":[{"embeddable":true,"href":"https:\/\/dale-carnegie.ch\/de\/wp-json\/wp\/v2\/users\/1"}],"replies":[{"embeddable":true,"href":"https:\/\/dale-carnegie.ch\/de\/wp-json\/wp\/v2\/comments?post=3070"}],"version-history":[{"count":10,"href":"https:\/\/dale-carnegie.ch\/de\/wp-json\/wp\/v2\/pages\/3070\/revisions"}],"predecessor-version":[{"id":4773,"href":"https:\/\/dale-carnegie.ch\/de\/wp-json\/wp\/v2\/pages\/3070\/revisions\/4773"}],"wp:attachment":[{"href":"https:\/\/dale-carnegie.ch\/de\/wp-json\/wp\/v2\/media?parent=3070"}],"curies":[{"name":"wp","href":"https:\/\/api.w.org\/{rel}","templated":true}]}}