{"id":368,"date":"2018-05-02T15:41:03","date_gmt":"2018-05-02T13:41:03","guid":{"rendered":"https:\/\/dalecarnegie.ch\/?page_id=368"},"modified":"2025-06-03T16:34:03","modified_gmt":"2025-06-03T14:34:03","slug":"powerworkshops","status":"publish","type":"page","link":"https:\/\/dale-carnegie.ch\/de\/powerworkshops\/","title":{"rendered":"Powerworkshop &#038; Infoabend"},"content":{"rendered":"\t\t<div data-elementor-type=\"wp-post\" data-elementor-id=\"368\" class=\"elementor elementor-368\" data-elementor-post-type=\"page\">\n\t\t\t\t\t\t<section class=\"elementor-section elementor-top-section elementor-element elementor-element-79164b46 elementor-section-boxed elementor-section-height-default elementor-section-height-default\" data-id=\"79164b46\" data-element_type=\"section\">\n\t\t\t\t\t\t<div class=\"elementor-container elementor-column-gap-default\">\n\t\t\t\t\t<div class=\"elementor-column elementor-col-100 elementor-top-column elementor-element elementor-element-3442d7f2\" data-id=\"3442d7f2\" data-element_type=\"column\">\n\t\t\t<div class=\"elementor-widget-wrap elementor-element-populated\">\n\t\t\t\t\t\t<div class=\"elementor-element elementor-element-301d91a5 elementor-nav-menu__align-center elementor-nav-menu--dropdown-mobile elementor-nav-menu__text-align-center elementor-widget elementor-widget-nav-menu\" data-id=\"301d91a5\" data-element_type=\"widget\" data-settings=\"{&quot;submenu_icon&quot;:{&quot;value&quot;:&quot;&lt;i class=\\&quot;\\&quot;&gt;&lt;\\\/i&gt;&quot;,&quot;library&quot;:&quot;&quot;},&quot;layout&quot;:&quot;horizontal&quot;}\" data-widget_type=\"nav-menu.default\">\n\t\t\t\t<div class=\"elementor-widget-container\">\n\t\t\t\t\t\t\t\t<nav aria-label=\"Men\u00fc\" class=\"elementor-nav-menu--main elementor-nav-menu__container elementor-nav-menu--layout-horizontal e--pointer-underline e--animation-fade\">\n\t\t\t\t<ul id=\"menu-1-301d91a5\" class=\"elementor-nav-menu\"><li class=\"menu-item menu-item-type-post_type menu-item-object-page menu-item-778\"><a href=\"https:\/\/dale-carnegie.ch\/de\/e-books-whitepaper\/\" class=\"elementor-item\">E-Books &#038; Whitepaper<\/a><\/li>\n<li class=\"menu-item menu-item-type-post_type menu-item-object-page menu-item-780\"><a href=\"https:\/\/dale-carnegie.ch\/de\/powerworkshops\/\" class=\"elementor-item\">Powerworkshop &#038; Infoabend<\/a><\/li>\n<\/ul>\t\t\t<\/nav>\n\t\t\t\t\t\t<nav class=\"elementor-nav-menu--dropdown elementor-nav-menu__container\" aria-hidden=\"true\">\n\t\t\t\t<ul id=\"menu-2-301d91a5\" class=\"elementor-nav-menu\"><li class=\"menu-item menu-item-type-post_type menu-item-object-page menu-item-778\"><a href=\"https:\/\/dale-carnegie.ch\/de\/e-books-whitepaper\/\" class=\"elementor-item\" tabindex=\"-1\">E-Books &#038; Whitepaper<\/a><\/li>\n<li class=\"menu-item menu-item-type-post_type menu-item-object-page menu-item-780\"><a href=\"https:\/\/dale-carnegie.ch\/de\/powerworkshops\/\" class=\"elementor-item\" tabindex=\"-1\">Powerworkshop &#038; Infoabend<\/a><\/li>\n<\/ul>\t\t\t<\/nav>\n\t\t\t\t\t\t<\/div>\n\t\t\t\t<\/div>\n\t\t\t\t<div class=\"elementor-element elementor-element-7a8f3ed5 elementor-widget-divider--view-line elementor-widget elementor-widget-divider\" data-id=\"7a8f3ed5\" data-element_type=\"widget\" data-widget_type=\"divider.default\">\n\t\t\t\t<div class=\"elementor-widget-container\">\n\t\t\t\t\t\t\t<div class=\"elementor-divider\">\n\t\t\t<span class=\"elementor-divider-separator\">\n\t\t\t\t\t\t<\/span>\n\t\t<\/div>\n\t\t\t\t\t\t<\/div>\n\t\t\t\t<\/div>\n\t\t\t\t\t<\/div>\n\t\t<\/div>\n\t\t\t\t\t<\/div>\n\t\t<\/section>\n\t\t\t\t<section class=\"elementor-section elementor-top-section elementor-element elementor-element-67acba47 elementor-section-height-min-height kursgradi elementor-section-boxed elementor-section-height-default elementor-section-items-middle\" data-id=\"67acba47\" data-element_type=\"section\">\n\t\t\t\t\t\t<div class=\"elementor-container elementor-column-gap-default\">\n\t\t\t\t\t<section class=\"elementor-column elementor-col-100 elementor-top-column elementor-element elementor-element-234c880d kurstop\" data-id=\"234c880d\" data-element_type=\"column\" data-settings=\"{&quot;background_background&quot;:&quot;classic&quot;}\">\n\t\t\t<div class=\"elementor-widget-wrap elementor-element-populated\">\n\t\t\t\t\t\t<div class=\"elementor-element elementor-element-63e8a9f3 elementor-widget elementor-widget-heading\" data-id=\"63e8a9f3\" data-element_type=\"widget\" data-widget_type=\"heading.default\">\n\t\t\t\t<div class=\"elementor-widget-container\">\n\t\t\t\t\t<h2 class=\"elementor-heading-title elementor-size-default\">Online-Webinar : <br> \n\nWarum kritisches Denken heute unverzichtbar ist? <br><\/h2>\t\t\t\t<\/div>\n\t\t\t\t<\/div>\n\t\t\t\t\t<\/div>\n\t\t<\/section>\n\t\t\t\t\t<\/div>\n\t\t<\/section>\n\t\t\t\t<section class=\"elementor-section elementor-top-section elementor-element elementor-element-732dc847 elementor-section-boxed elementor-section-height-default elementor-section-height-default\" data-id=\"732dc847\" data-element_type=\"section\">\n\t\t\t\t\t\t<div class=\"elementor-container elementor-column-gap-default\">\n\t\t\t\t\t<div class=\"elementor-column elementor-col-66 elementor-top-column elementor-element elementor-element-79fbfbfd\" data-id=\"79fbfbfd\" data-element_type=\"column\">\n\t\t\t<div class=\"elementor-widget-wrap elementor-element-populated\">\n\t\t\t\t\t\t<div class=\"elementor-element elementor-element-7b09f5bc elementor-widget elementor-widget-text-editor\" data-id=\"7b09f5bc\" data-element_type=\"widget\" data-widget_type=\"text-editor.default\">\n\t\t\t\t<div class=\"elementor-widget-container\">\n\t\t\t\t\t\t\t\t\t<p><span data-contrast=\"auto\">Unsere Welt wird immer komplexer, Informationen str\u00f6men t\u00e4glich in riesigen Mengen auf uns ein. Kritisches Denken ist die F\u00e4higkeit, in dieser Flut die richtigen Schl\u00fcsse zu ziehen, kreative L\u00f6sungen zu entwickeln und fundierte Entscheidungen zu treffen.<\/span><span data-ccp-props=\"{}\">\u00a0<\/span><\/p><p><span data-contrast=\"auto\">In unserem kostenfreien Powerworkshop erf\u00e4hrst du, warum kritisches Denken heute unverzichtbar ist und wie du es gezielt in deinem Alltag und Beruf einsetzen kannst. Lerne die Grundlagen dieser Denkweise kennen, entdecke die f\u00fcnf Phasen des kritischen Denkens und erhalte praktische Tipps, um Informationen besser zu bewerten und deine Denkprozesse bewusst zu steuern.<\/span><span data-ccp-props=\"{}\">\u00a0<\/span><\/p><p><span data-contrast=\"auto\">Mit spannenden Praxisbeispielen zeigen wir dir, wie kritisches Denken dir hilft, Herausforderungen souver\u00e4n zu meistern und in einer dynamischen Welt erfolgreich zu handeln. Sei dabei und bringe deine F\u00e4higkeiten auf das n\u00e4chste Level \u2013 f\u00fcr smartere Entscheidungen und innovative L\u00f6sungen!<\/span><span data-ccp-props=\"{}\">\u00a0<\/span><span data-ccp-props=\"{}\">\u00a0<\/span><\/p><p><b><span data-contrast=\"auto\">Jetzt inspirieren lassen und die Zukunft aktiv mitgestalten!<\/span><\/b><span data-ccp-props=\"{}\">\u00a0<\/span><\/p>\t\t\t\t\t\t\t\t<\/div>\n\t\t\t\t<\/div>\n\t\t\t\t<div class=\"elementor-element elementor-element-1fc8a2f elementor-widget-divider--view-line elementor-widget elementor-widget-divider\" data-id=\"1fc8a2f\" data-element_type=\"widget\" data-widget_type=\"divider.default\">\n\t\t\t\t<div class=\"elementor-widget-container\">\n\t\t\t\t\t\t\t<div class=\"elementor-divider\">\n\t\t\t<span class=\"elementor-divider-separator\">\n\t\t\t\t\t\t<\/span>\n\t\t<\/div>\n\t\t\t\t\t\t<\/div>\n\t\t\t\t<\/div>\n\t\t\t\t<div class=\"elementor-element elementor-element-241bbd6 elementor-widget elementor-widget-heading\" data-id=\"241bbd6\" data-element_type=\"widget\" data-widget_type=\"heading.default\">\n\t\t\t\t<div class=\"elementor-widget-container\">\n\t\t\t\t\t<h2 class=\"elementor-heading-title elementor-size-default\">Kostenloser Live-Online-Powerworkshop<\/h2>\t\t\t\t<\/div>\n\t\t\t\t<\/div>\n\t\t\t\t<div class=\"elementor-element elementor-element-698323d elementor-widget elementor-widget-text-editor\" data-id=\"698323d\" data-element_type=\"widget\" data-widget_type=\"text-editor.default\">\n\t\t\t\t<div class=\"elementor-widget-container\">\n\t\t\t\t\t\t\t\t\t<h2><span style=\"font-family: inherit; font-style: inherit; font-weight: bold; font-size: 20px; color: #000000; margin-right: 30px;\"><span class=\"TextRun SCXW131690336 BCX2\" lang=\"DE-CH\" xml:lang=\"DE-CH\" data-contrast=\"auto\"><span class=\"NormalTextRun SCXW131690336 BCX2\">Warum kritisches Denken heute unverzichtbar <\/span><span class=\"NormalTextRun ContextualSpellingAndGrammarErrorV2Themed SCXW131690336 BCX2\">ist<\/span><\/span>?<span data-ccp-props=\"{}\"><br \/><\/span><\/span><\/h2><h2><span style=\"font-family: inherit; font-style: inherit; font-weight: bold; font-size: 20px; color: #000000; margin-right: 30px;\"> Datum<\/span><span style=\"font-family: inherit; font-style: inherit; font-size: 18px;\">Mittwoch, 25. Juni 2025<\/span><\/h2><p><span style=\"font-weight: bold; font-size: 20px; color: #000000; margin-right: 30px;\">Uhrzeit<\/span>17:00 &#8211; 18:00 Uhr<\/p><p><span style=\"font-weight: bold; font-size: 20px; color: #000; margin-right: 73px;\">Ort<\/span><span style=\"margin-right: 73px;\">Online im virtuellen Kursraum<\/span><\/p>\t\t\t\t\t\t\t\t<\/div>\n\t\t\t\t<\/div>\n\t\t\t\t<div class=\"elementor-element elementor-element-66ca82f elementor-widget-divider--view-line elementor-widget elementor-widget-divider\" data-id=\"66ca82f\" data-element_type=\"widget\" data-widget_type=\"divider.default\">\n\t\t\t\t<div class=\"elementor-widget-container\">\n\t\t\t\t\t\t\t<div class=\"elementor-divider\">\n\t\t\t<span class=\"elementor-divider-separator\">\n\t\t\t\t\t\t<\/span>\n\t\t<\/div>\n\t\t\t\t\t\t<\/div>\n\t\t\t\t<\/div>\n\t\t\t\t<div class=\"elementor-element elementor-element-1409998 elementor-widget elementor-widget-heading\" data-id=\"1409998\" data-element_type=\"widget\" data-widget_type=\"heading.default\">\n\t\t\t\t<div class=\"elementor-widget-container\">\n\t\t\t\t\t<h2 class=\"elementor-heading-title elementor-size-default\">Ich melde mich hiermit kostenlos an!<\/h2>\t\t\t\t<\/div>\n\t\t\t\t<\/div>\n\t\t\t\t<div class=\"elementor-element elementor-element-57eb590 elementor-button-align-stretch elementor-widget elementor-widget-form\" data-id=\"57eb590\" data-element_type=\"widget\" data-settings=\"{&quot;step_next_label&quot;:&quot;N\\u00e4chster&quot;,&quot;step_previous_label&quot;:&quot;Voriger&quot;,&quot;button_width&quot;:&quot;100&quot;,&quot;step_type&quot;:&quot;number_text&quot;,&quot;step_icon_shape&quot;:&quot;circle&quot;}\" data-widget_type=\"form.default\">\n\t\t\t\t<div class=\"elementor-widget-container\">\n\t\t\t\t\t\t\t<form class=\"elementor-form\" method=\"post\" name=\"Neues Formular\">\n\t\t\t<input type=\"hidden\" name=\"post_id\" value=\"368\"\/>\n\t\t\t<input type=\"hidden\" name=\"form_id\" value=\"57eb590\"\/>\n\t\t\t<input type=\"hidden\" name=\"referer_title\" value=\"Dale Carnegie Training Schweiz\" \/>\n\n\t\t\t\n\t\t\t<div class=\"elementor-form-fields-wrapper elementor-labels-above\">\n\t\t\t\t\t\t\t\t<div class=\"elementor-field-type-checkbox elementor-field-group elementor-column elementor-field-group-field_d3a0031 elementor-col-100\">\n\t\t\t\t\t<div class=\"elementor-field-subgroup  \"><span class=\"elementor-field-option\"><input type=\"checkbox\" value=\"Mittwoch, 25 Juni 2025, 17:00 - 18:00 Uhr\" id=\"form-field-field_d3a0031-0\" name=\"form_fields[field_d3a0031]\"> <label for=\"form-field-field_d3a0031-0\">Mittwoch, 25 Juni 2025, 17:00 - 18:00 Uhr<\/label><\/span><\/div>\t\t\t\t<\/div>\n\t\t\t\t\t\t\t\t<div class=\"elementor-field-type-select elementor-field-group elementor-column elementor-field-group-field_86eb551 elementor-col-100\">\n\t\t\t\t\t\t\t\t\t\t\t\t<label for=\"form-field-field_86eb551\" class=\"elementor-field-label\">\n\t\t\t\t\t\t\t\tAnrede\t\t\t\t\t\t\t<\/label>\n\t\t\t\t\t\t\t\t<div class=\"elementor-field elementor-select-wrapper remove-before \">\n\t\t\t<div class=\"select-caret-down-wrapper\">\n\t\t\t\t<svg aria-hidden=\"true\" class=\"e-font-icon-svg e-eicon-caret-down\" viewBox=\"0 0 571.4 571.4\" xmlns=\"http:\/\/www.w3.org\/2000\/svg\"><path d=\"M571 393Q571 407 561 418L311 668Q300 679 286 679T261 668L11 418Q0 407 0 393T11 368 36 357H536Q550 357 561 368T571 393Z\"><\/path><\/svg>\t\t\t<\/div>\n\t\t\t<select name=\"form_fields[field_86eb551]\" id=\"form-field-field_86eb551\" class=\"elementor-field-textual elementor-size-sm\">\n\t\t\t\t\t\t\t\t\t<option value=\"Anrede *\">Anrede *<\/option>\n\t\t\t\t\t\t\t\t\t<option value=\"Frau\">Frau<\/option>\n\t\t\t\t\t\t\t\t\t<option value=\"Herr\">Herr<\/option>\n\t\t\t\t\t\t\t<\/select>\n\t\t<\/div>\n\t\t\t\t\t\t<\/div>\n\t\t\t\t\t\t\t\t<div class=\"elementor-field-type-text elementor-field-group elementor-column elementor-field-group-field_2 elementor-col-50 elementor-field-required\">\n\t\t\t\t\t\t\t\t\t\t\t\t\t<input size=\"1\" type=\"text\" name=\"form_fields[field_2]\" id=\"form-field-field_2\" class=\"elementor-field elementor-size-sm  elementor-field-textual\" placeholder=\"Vorname *\" required=\"required\">\n\t\t\t\t\t\t\t\t\t\t\t<\/div>\n\t\t\t\t\t\t\t\t<div class=\"elementor-field-type-text elementor-field-group elementor-column elementor-field-group-field_1 elementor-col-50 elementor-field-required\">\n\t\t\t\t\t\t\t\t\t\t\t\t\t<input size=\"1\" type=\"text\" name=\"form_fields[field_1]\" id=\"form-field-field_1\" class=\"elementor-field elementor-size-sm  elementor-field-textual\" placeholder=\"Nachname *\" required=\"required\">\n\t\t\t\t\t\t\t\t\t\t\t<\/div>\n\t\t\t\t\t\t\t\t<div class=\"elementor-field-type-email elementor-field-group elementor-column elementor-field-group-field_7 elementor-col-50 elementor-field-required\">\n\t\t\t\t\t\t\t\t\t\t\t\t\t<input size=\"1\" type=\"email\" name=\"form_fields[field_7]\" id=\"form-field-field_7\" class=\"elementor-field elementor-size-sm  elementor-field-textual\" placeholder=\"E-Mail *\" required=\"required\">\n\t\t\t\t\t\t\t\t\t\t\t<\/div>\n\t\t\t\t\t\t\t\t<div class=\"elementor-field-type-textarea elementor-field-group elementor-column elementor-field-group-message elementor-col-100\">\n\t\t\t\t\t<textarea class=\"elementor-field-textual elementor-field  elementor-size-sm\" name=\"form_fields[message]\" id=\"form-field-message\" rows=\"4\" placeholder=\"Nachricht\"><\/textarea>\t\t\t\t<\/div>\n\t\t\t\t\t\t\t\t<div class=\"elementor-field-type-select elementor-field-group elementor-column elementor-field-group-field_8897978 elementor-col-100 elementor-field-required\">\n\t\t\t\t\t\t\t<div class=\"elementor-field elementor-select-wrapper remove-before \">\n\t\t\t<div class=\"select-caret-down-wrapper\">\n\t\t\t\t<svg aria-hidden=\"true\" class=\"e-font-icon-svg e-eicon-caret-down\" viewBox=\"0 0 571.4 571.4\" xmlns=\"http:\/\/www.w3.org\/2000\/svg\"><path d=\"M571 393Q571 407 561 418L311 668Q300 679 286 679T261 668L11 418Q0 407 0 393T11 368 36 357H536Q550 357 561 368T571 393Z\"><\/path><\/svg>\t\t\t<\/div>\n\t\t\t<select name=\"form_fields[field_8897978]\" id=\"form-field-field_8897978\" class=\"elementor-field-textual elementor-size-sm\" required=\"required\">\n\t\t\t\t\t\t\t\t\t<option value=\"Wie sind Sie auf uns aufmerksam geworden? *\">Wie sind Sie auf uns aufmerksam geworden? *<\/option>\n\t\t\t\t\t\t\t\t\t<option value=\"Google\">Google<\/option>\n\t\t\t\t\t\t\t\t\t<option value=\"instagram\">instagram<\/option>\n\t\t\t\t\t\t\t\t\t<option value=\"LinkedIn\">LinkedIn<\/option>\n\t\t\t\t\t\t\t\t\t<option value=\"Pers\u00f6nliche Empfehlung\">Pers\u00f6nliche Empfehlung<\/option>\n\t\t\t\t\t\t\t\t\t<option value=\"Ich habe bereits einen Dale Carnegie Kurs besucht \">Ich habe bereits einen Dale Carnegie Kurs besucht <\/option>\n\t\t\t\t\t\t\t\t\t<option value=\"Weitere...\">Weitere...<\/option>\n\t\t\t\t\t\t\t<\/select>\n\t\t<\/div>\n\t\t\t\t\t\t<\/div>\n\t\t\t\t\t\t\t\t<div class=\"elementor-field-type-textarea elementor-field-group elementor-column elementor-field-group-field_71da5fc elementor-col-100\">\n\t\t\t\t\t<textarea class=\"elementor-field-textual elementor-field  elementor-size-sm\" name=\"form_fields[field_71da5fc]\" id=\"form-field-field_71da5fc\" rows=\"4\" placeholder=\"Sie sind anderweitig auf uns aufmerksam geworden?\"><\/textarea>\t\t\t\t<\/div>\n\t\t\t\t\t\t\t\t<div class=\"elementor-field-type-acceptance elementor-field-group elementor-column elementor-field-group-field_cee01c7 elementor-col-100 elementor-field-required\">\n\t\t\t\t\t\t\t<div class=\"elementor-field-subgroup\">\n\t\t\t<span class=\"elementor-field-option\">\n\t\t\t\t<input type=\"checkbox\" name=\"form_fields[field_cee01c7]\" id=\"form-field-field_cee01c7\" class=\"elementor-field elementor-size-sm  elementor-acceptance-field\" required=\"required\">\n\t\t\t\t<label for=\"form-field-field_cee01c7\">Hiermit best\u00e4tige ich, die Datenschutzbestimmungen gem. DSGVO gelesen zu haben. Ich bin damit einverstanden, dass meine Daten zur Kontaktaufnahme durch den Email-Versender Marketing Cloud gespeichert und durch Dale Carnegie Training Schweiz genutzt werden.<\/label>\t\t\t<\/span>\n\t\t<\/div>\n\t\t\t\t\t\t<\/div>\n\t\t\t\t\t\t\t\t<div class=\"elementor-field-group elementor-column elementor-field-type-submit elementor-col-100 e-form__buttons\">\n\t\t\t\t\t<button class=\"elementor-button elementor-size-sm\" type=\"submit\">\n\t\t\t\t\t\t<span class=\"elementor-button-content-wrapper\">\n\t\t\t\t\t\t\t\t\t\t\t\t\t\t\t\t\t\t\t\t\t\t<span class=\"elementor-button-text\">jetzt anmelden<\/span>\n\t\t\t\t\t\t\t\t\t\t\t\t\t<\/span>\n\t\t\t\t\t<\/button>\n\t\t\t\t<\/div>\n\t\t\t<\/div>\n\t\t<\/form>\n\t\t\t\t\t\t<\/div>\n\t\t\t\t<\/div>\n\t\t\t\t\t<\/div>\n\t\t<\/div>\n\t\t\t\t<div class=\"elementor-column elementor-col-33 elementor-top-column elementor-element elementor-element-264faeb\" data-id=\"264faeb\" data-element_type=\"column\">\n\t\t\t<div class=\"elementor-widget-wrap\">\n\t\t\t\t\t\t\t<\/div>\n\t\t<\/div>\n\t\t\t\t\t<\/div>\n\t\t<\/section>\n\t\t\t\t<\/div>\n\t\t","protected":false},"excerpt":{"rendered":"<p>Online-Webinar : Warum kritisches Denken heute unverzichtbar ist? Unsere Welt wird immer komplexer, Informationen str\u00f6men t\u00e4glich in riesigen Mengen auf uns ein. Kritisches Denken ist die F\u00e4higkeit, in dieser Flut die richtigen Schl\u00fcsse zu ziehen, kreative L\u00f6sungen zu entwickeln und fundierte Entscheidungen zu treffen.\u00a0 In unserem kostenfreien Powerworkshop erf\u00e4hrst du, warum kritisches Denken heute unverzichtbar &#8230; <a title=\"Powerworkshop &#038; Infoabend\" class=\"read-more\" href=\"https:\/\/dale-carnegie.ch\/de\/powerworkshops\/\" aria-label=\"Mehr Informationen \u00fcber Powerworkshop &#038; Infoabend\">Weiterlesen<\/a><\/p>\n","protected":false},"author":1,"featured_media":0,"parent":0,"menu_order":0,"comment_status":"closed","ping_status":"closed","template":"","meta":{"footnotes":""},"class_list":["post-368","page","type-page","status-publish"],"yoast_head":"<!-- This site is optimized with the Yoast SEO plugin v24.9 - https:\/\/yoast.com\/wordpress\/plugins\/seo\/ -->\n<title>Unsere Powerworkshops<\/title>\n<meta name=\"robots\" content=\"index, follow, max-snippet:-1, max-image-preview:large, max-video-preview:-1\" \/>\n<link rel=\"canonical\" href=\"https:\/\/dale-carnegie.ch\/de\/powerworkshops\/\" \/>\n<meta property=\"og:locale\" content=\"de_DE\" \/>\n<meta property=\"og:type\" content=\"article\" \/>\n<meta property=\"og:title\" content=\"Unsere Powerworkshops\" \/>\n<meta property=\"og:description\" content=\"Online-Webinar : Warum kritisches Denken heute unverzichtbar ist? Unsere Welt wird immer komplexer, Informationen str\u00f6men t\u00e4glich in riesigen Mengen auf uns ein. Kritisches Denken ist die F\u00e4higkeit, in dieser Flut die richtigen Schl\u00fcsse zu ziehen, kreative L\u00f6sungen zu entwickeln und fundierte Entscheidungen zu treffen.\u00a0 In unserem kostenfreien Powerworkshop erf\u00e4hrst du, warum kritisches Denken heute unverzichtbar ... Weiterlesen\" \/>\n<meta property=\"og:url\" content=\"https:\/\/dale-carnegie.ch\/de\/powerworkshops\/\" \/>\n<meta property=\"og:site_name\" content=\"Dale Carnegie Training Schweiz\" \/>\n<meta property=\"article:publisher\" content=\"https:\/\/www.facebook.com\/DaleCarnegieTrainingSchweiz\/\" \/>\n<meta property=\"article:modified_time\" content=\"2025-06-03T14:34:03+00:00\" \/>\n<meta name=\"twitter:card\" content=\"summary_large_image\" \/>\n<meta name=\"twitter:label1\" content=\"Gesch\u00e4tzte Lesezeit\" \/>\n\t<meta name=\"twitter:data1\" content=\"2\u00a0Minuten\" \/>\n<script type=\"application\/ld+json\" class=\"yoast-schema-graph\">{\"@context\":\"https:\/\/schema.org\",\"@graph\":[{\"@type\":\"WebPage\",\"@id\":\"https:\/\/dale-carnegie.ch\/de\/powerworkshops\/\",\"url\":\"https:\/\/dale-carnegie.ch\/de\/powerworkshops\/\",\"name\":\"Unsere Powerworkshops\",\"isPartOf\":{\"@id\":\"https:\/\/dale-carnegie.ch\/de\/#website\"},\"datePublished\":\"2018-05-02T13:41:03+00:00\",\"dateModified\":\"2025-06-03T14:34:03+00:00\",\"breadcrumb\":{\"@id\":\"https:\/\/dale-carnegie.ch\/de\/powerworkshops\/#breadcrumb\"},\"inLanguage\":\"de\",\"potentialAction\":[{\"@type\":\"ReadAction\",\"target\":[\"https:\/\/dale-carnegie.ch\/de\/powerworkshops\/\"]}]},{\"@type\":\"BreadcrumbList\",\"@id\":\"https:\/\/dale-carnegie.ch\/de\/powerworkshops\/#breadcrumb\",\"itemListElement\":[{\"@type\":\"ListItem\",\"position\":1,\"name\":\"Startseite\",\"item\":\"https:\/\/dale-carnegie.ch\/de\/\"},{\"@type\":\"ListItem\",\"position\":2,\"name\":\"Powerworkshop &#038; Infoabend\"}]},{\"@type\":\"WebSite\",\"@id\":\"https:\/\/dale-carnegie.ch\/de\/#website\",\"url\":\"https:\/\/dale-carnegie.ch\/de\/\",\"name\":\"Dale Carnegie Training Schweiz\",\"description\":\"Dale Carnegie Training Schweiz\",\"publisher\":{\"@id\":\"https:\/\/dale-carnegie.ch\/de\/#organization\"},\"potentialAction\":[{\"@type\":\"SearchAction\",\"target\":{\"@type\":\"EntryPoint\",\"urlTemplate\":\"https:\/\/dale-carnegie.ch\/de\/?s={search_term_string}\"},\"query-input\":{\"@type\":\"PropertyValueSpecification\",\"valueRequired\":true,\"valueName\":\"search_term_string\"}}],\"inLanguage\":\"de\"},{\"@type\":\"Organization\",\"@id\":\"https:\/\/dale-carnegie.ch\/de\/#organization\",\"name\":\"Dale Carnegie Training Schweiz\",\"url\":\"https:\/\/dale-carnegie.ch\/de\/\",\"logo\":{\"@type\":\"ImageObject\",\"inLanguage\":\"de\",\"@id\":\"https:\/\/dale-carnegie.ch\/de\/#\/schema\/logo\/image\/\",\"url\":\"https:\/\/dale-carnegie.ch\/wp-content\/uploads\/dalecarnegie_logo.svg\",\"contentUrl\":\"https:\/\/dale-carnegie.ch\/wp-content\/uploads\/dalecarnegie_logo.svg\",\"caption\":\"Dale Carnegie Training Schweiz\"},\"image\":{\"@id\":\"https:\/\/dale-carnegie.ch\/de\/#\/schema\/logo\/image\/\"},\"sameAs\":[\"https:\/\/www.facebook.com\/DaleCarnegieTrainingSchweiz\/\",\"https:\/\/www.linkedin.com\/company\/dale-carnegie-training-schweiz\/\",\"https:\/\/www.youtube.com\/user\/pal8583\"]}]}<\/script>\n<!-- \/ Yoast SEO plugin. -->","yoast_head_json":{"title":"Unsere Powerworkshops","robots":{"index":"index","follow":"follow","max-snippet":"max-snippet:-1","max-image-preview":"max-image-preview:large","max-video-preview":"max-video-preview:-1"},"canonical":"https:\/\/dale-carnegie.ch\/de\/powerworkshops\/","og_locale":"de_DE","og_type":"article","og_title":"Unsere Powerworkshops","og_description":"Online-Webinar : Warum kritisches Denken heute unverzichtbar ist? Unsere Welt wird immer komplexer, Informationen str\u00f6men t\u00e4glich in riesigen Mengen auf uns ein. Kritisches Denken ist die F\u00e4higkeit, in dieser Flut die richtigen Schl\u00fcsse zu ziehen, kreative L\u00f6sungen zu entwickeln und fundierte Entscheidungen zu treffen.\u00a0 In unserem kostenfreien Powerworkshop erf\u00e4hrst du, warum kritisches Denken heute unverzichtbar ... Weiterlesen","og_url":"https:\/\/dale-carnegie.ch\/de\/powerworkshops\/","og_site_name":"Dale Carnegie Training Schweiz","article_publisher":"https:\/\/www.facebook.com\/DaleCarnegieTrainingSchweiz\/","article_modified_time":"2025-06-03T14:34:03+00:00","twitter_card":"summary_large_image","twitter_misc":{"Gesch\u00e4tzte Lesezeit":"2\u00a0Minuten"},"schema":{"@context":"https:\/\/schema.org","@graph":[{"@type":"WebPage","@id":"https:\/\/dale-carnegie.ch\/de\/powerworkshops\/","url":"https:\/\/dale-carnegie.ch\/de\/powerworkshops\/","name":"Unsere Powerworkshops","isPartOf":{"@id":"https:\/\/dale-carnegie.ch\/de\/#website"},"datePublished":"2018-05-02T13:41:03+00:00","dateModified":"2025-06-03T14:34:03+00:00","breadcrumb":{"@id":"https:\/\/dale-carnegie.ch\/de\/powerworkshops\/#breadcrumb"},"inLanguage":"de","potentialAction":[{"@type":"ReadAction","target":["https:\/\/dale-carnegie.ch\/de\/powerworkshops\/"]}]},{"@type":"BreadcrumbList","@id":"https:\/\/dale-carnegie.ch\/de\/powerworkshops\/#breadcrumb","itemListElement":[{"@type":"ListItem","position":1,"name":"Startseite","item":"https:\/\/dale-carnegie.ch\/de\/"},{"@type":"ListItem","position":2,"name":"Powerworkshop &#038; Infoabend"}]},{"@type":"WebSite","@id":"https:\/\/dale-carnegie.ch\/de\/#website","url":"https:\/\/dale-carnegie.ch\/de\/","name":"Dale Carnegie Training Schweiz","description":"Dale Carnegie Training Schweiz","publisher":{"@id":"https:\/\/dale-carnegie.ch\/de\/#organization"},"potentialAction":[{"@type":"SearchAction","target":{"@type":"EntryPoint","urlTemplate":"https:\/\/dale-carnegie.ch\/de\/?s={search_term_string}"},"query-input":{"@type":"PropertyValueSpecification","valueRequired":true,"valueName":"search_term_string"}}],"inLanguage":"de"},{"@type":"Organization","@id":"https:\/\/dale-carnegie.ch\/de\/#organization","name":"Dale Carnegie Training Schweiz","url":"https:\/\/dale-carnegie.ch\/de\/","logo":{"@type":"ImageObject","inLanguage":"de","@id":"https:\/\/dale-carnegie.ch\/de\/#\/schema\/logo\/image\/","url":"https:\/\/dale-carnegie.ch\/wp-content\/uploads\/dalecarnegie_logo.svg","contentUrl":"https:\/\/dale-carnegie.ch\/wp-content\/uploads\/dalecarnegie_logo.svg","caption":"Dale Carnegie Training Schweiz"},"image":{"@id":"https:\/\/dale-carnegie.ch\/de\/#\/schema\/logo\/image\/"},"sameAs":["https:\/\/www.facebook.com\/DaleCarnegieTrainingSchweiz\/","https:\/\/www.linkedin.com\/company\/dale-carnegie-training-schweiz\/","https:\/\/www.youtube.com\/user\/pal8583"]}]}},"_links":{"self":[{"href":"https:\/\/dale-carnegie.ch\/de\/wp-json\/wp\/v2\/pages\/368","targetHints":{"allow":["GET"]}}],"collection":[{"href":"https:\/\/dale-carnegie.ch\/de\/wp-json\/wp\/v2\/pages"}],"about":[{"href":"https:\/\/dale-carnegie.ch\/de\/wp-json\/wp\/v2\/types\/page"}],"author":[{"embeddable":true,"href":"https:\/\/dale-carnegie.ch\/de\/wp-json\/wp\/v2\/users\/1"}],"replies":[{"embeddable":true,"href":"https:\/\/dale-carnegie.ch\/de\/wp-json\/wp\/v2\/comments?post=368"}],"version-history":[{"count":475,"href":"https:\/\/dale-carnegie.ch\/de\/wp-json\/wp\/v2\/pages\/368\/revisions"}],"predecessor-version":[{"id":9650,"href":"https:\/\/dale-carnegie.ch\/de\/wp-json\/wp\/v2\/pages\/368\/revisions\/9650"}],"wp:attachment":[{"href":"https:\/\/dale-carnegie.ch\/de\/wp-json\/wp\/v2\/media?parent=368"}],"curies":[{"name":"wp","href":"https:\/\/api.w.org\/{rel}","templated":true}]}}