{"id":1885,"date":"2018-05-01T12:28:23","date_gmt":"2018-05-01T10:28:23","guid":{"rendered":"https:\/\/dalecarnegie.ch\/allgemeine-geschaeftsbedingungen\/"},"modified":"2018-06-29T14:53:55","modified_gmt":"2018-06-29T12:53:55","slug":"general-terms-and-conditions","status":"publish","type":"page","link":"https:\/\/dale-carnegie.ch\/en\/general-terms-and-conditions\/","title":{"rendered":"general terms and conditions"},"content":{"rendered":"\t\t<div data-elementor-type=\"wp-post\" data-elementor-id=\"1885\" class=\"elementor elementor-1885 elementor-216\" data-elementor-post-type=\"page\">\n\t\t\t\t\t\t<section class=\"elementor-section elementor-top-section elementor-element elementor-element-ebcc8d5 elementor-section-boxed elementor-section-height-default elementor-section-height-default\" data-id=\"ebcc8d5\" data-element_type=\"section\">\n\t\t\t\t\t\t<div class=\"elementor-container elementor-column-gap-default\">\n\t\t\t\t\t<div class=\"elementor-column elementor-col-100 elementor-top-column elementor-element elementor-element-310c338\" data-id=\"310c338\" data-element_type=\"column\">\n\t\t\t<div class=\"elementor-widget-wrap elementor-element-populated\">\n\t\t\t\t\t\t<div class=\"elementor-element elementor-element-b66c5cf elementor-widget elementor-widget-heading\" data-id=\"b66c5cf\" data-element_type=\"widget\" data-widget_type=\"heading.default\">\n\t\t\t\t<div class=\"elementor-widget-container\">\n\t\t\t\t\t<h1 class=\"elementor-heading-title elementor-size-default\">Terms and Conditions<\/h1>\t\t\t\t<\/div>\n\t\t\t\t<\/div>\n\t\t\t\t<div class=\"elementor-element elementor-element-10490cf elementor-widget elementor-widget-text-editor\" data-id=\"10490cf\" data-element_type=\"widget\" data-widget_type=\"text-editor.default\">\n\t\t\t\t<div class=\"elementor-widget-container\">\n\t\t\t\t\t\t\t\t\t<p>All content included on this site, such as text, graphics, logos, button icons, images, audio clips, digital downloads, and data compilations, is the property of Dale Carnegie &amp; Associates, Inc. or its content suppliers and protected by United States and international copyright laws. The compilation of all content on this site is the exclusive property of Dale Carnegie &amp; Associates, Inc. and protected by U.S. and international copyright laws.<\/p><h2>Cancellation and Refund Policy*<\/h2><p>Dale Carnegie will provide you with a refund if you cancel your enrollment prior to the start of your course or if you do not attend any part of the course. Refunds will be issued to the student within 45 days from the date of cancellation, or the first day of the course, whichever is earlier. If you attend all or part of a course, no refunds will be provided.<\/p><p>We reserve the right to cancel a course due to insufficient enrollment, inclement weather, or other events beyond our control. In the event a class is cancelled, we will notify you as soon as possible. You may choose to receive a full refund of your registration fee or credit on another class. Dale Carnegie will not be responsible for any cancellation costs you incur, such as airline tickets and\/or hotel reservations.<\/p><p>*For locations outside of the United States, the Transfer and Cancellation Policy may vary. Please contact your local office for more information.<\/p><h2>Notice to students: Accet complaint procedure<\/h2><p>This institution is recognized by the Accrediting Council for Continuing Education &amp; Training (ACCET) as meeting and maintaining certain standards of quality. It is the mutual goal of ACCET and the institution to ensure that educational training programs of quality are provided. When problems arise, students should make every attempt through the formal complaint procedure within the institution to find a fair and reasonable solution.<\/p><p>However, in the event that a student has exercised the channels available within the institution to resolve the problem(s) by way of the institution&#8217;s formal student complaint procedure, and the problem(s) have not been resolved, the student has the right and is encouraged to take the following steps:<\/p><ol><li>Complaints should be in writing and mailed, faxed, or emailed to the ACCET office. Complaints received by phone will be documented, and the complainant will be requested to submit the complaint in writing.<\/li><li>The letter of complaint must contain the following:<\/li><\/ol><ul><li>A detailed description of the problem(s);<\/li><li>The approximate date(s) that the problem(s) occurred;<\/li><li>The full name(s) and title(s) or position(s) of the individual(s) involved in the problem(s), including both institutional staff and\/or other students who were involved;<\/li><li>Evidence demonstrating that the institution&#8217;s complaint procedure was followed prior to contacting ACCET;<\/li><li>The name and mailing address of the complainant; if the complainant specifically requests that anonymity be maintained, ACCET will not reveal his or her name to the institution involved.<\/li><\/ul><p>In addition to the letter of complaint, copies of any relevant supporting documentation should be forwarded to ACCET (e.g., the student\u2019s enrollment agreement, the syllabus or course outline, correspondence between the student and the institution).<br \/>SEND TO: ACCET<\/p><p>CHAIR, COMPLAINT REVIEW COMMITTEE\u00a0<br \/><br \/>1722 N Street, NW\u00a0<br \/><br \/>Washington, DC 20036\u00a0<br \/><br \/>Telephone: (202) 955-1113 | Fax: (202) 955-1118 or (202) 955-5306\u00a0<br \/><br \/>Website:\u00a0<a href=\"http:\/\/www.accet.org\/\" rel=\"noopener\">www.accet.org<\/a><\/p><p>Note: Complainants will receive an acknowledgement of receipt within 15 days.<\/p><p>Dale Carnegie is an authorized partner to sell profiles products in the United States Only. The Carnegie performance profile may be sold by Dale Carnegie Worldwide.<\/p><p>Copyright \u00a92018 Dale Carnegie &amp; Associates, Inc. All rights reserved.<\/p>\t\t\t\t\t\t\t\t<\/div>\n\t\t\t\t<\/div>\n\t\t\t\t\t<\/div>\n\t\t<\/div>\n\t\t\t\t\t<\/div>\n\t\t<\/section>\n\t\t\t\t<\/div>\n\t\t","protected":false},"excerpt":{"rendered":"<p>Terms and Conditions All content included on this site, such as text, graphics, logos, button icons, images, audio clips, digital downloads, and data compilations, is the property of Dale Carnegie &amp; Associates, Inc. or its content suppliers and protected by United States and international copyright laws. The compilation of all content on this site is &#8230; <a title=\"general terms and conditions\" class=\"read-more\" href=\"https:\/\/dale-carnegie.ch\/en\/general-terms-and-conditions\/\" aria-label=\"Read more about general terms and conditions\">Read more<\/a><\/p>\n","protected":false},"author":1,"featured_media":0,"parent":0,"menu_order":0,"comment_status":"closed","ping_status":"closed","template":"","meta":{"footnotes":""},"class_list":["post-1885","page","type-page","status-publish"],"yoast_head":"<!-- This site is optimized with the Yoast SEO plugin v24.9 - https:\/\/yoast.com\/wordpress\/plugins\/seo\/ -->\n<title>Allgemeine Gesch\u00e4ftsbedingungen<\/title>\n<meta name=\"description\" content=\"Hier erfahren Sie mehr \u00fcber die Allgemeinen Gesch\u00e4ftsbedingungen von Dale Carnegie Training Schweiz.\" \/>\n<meta name=\"robots\" content=\"index, follow, max-snippet:-1, max-image-preview:large, max-video-preview:-1\" \/>\n<link rel=\"canonical\" href=\"https:\/\/dale-carnegie.ch\/en\/general-terms-and-conditions\/\" \/>\n<meta property=\"og:locale\" content=\"en_US\" \/>\n<meta property=\"og:type\" content=\"article\" \/>\n<meta property=\"og:title\" content=\"Allgemeine Gesch\u00e4ftsbedingungen\" \/>\n<meta property=\"og:description\" content=\"Hier erfahren Sie mehr \u00fcber die Allgemeinen Gesch\u00e4ftsbedingungen von Dale Carnegie Training Schweiz.\" \/>\n<meta property=\"og:url\" content=\"https:\/\/dale-carnegie.ch\/en\/general-terms-and-conditions\/\" \/>\n<meta property=\"og:site_name\" content=\"Dale Carnegie Training Schweiz\" \/>\n<meta property=\"article:publisher\" content=\"https:\/\/www.facebook.com\/DaleCarnegieTrainingSchweiz\/\" \/>\n<meta property=\"article:modified_time\" content=\"2018-06-29T12:53:55+00:00\" \/>\n<meta name=\"twitter:card\" content=\"summary_large_image\" \/>\n<meta name=\"twitter:label1\" content=\"Est. reading time\" \/>\n\t<meta name=\"twitter:data1\" content=\"3 minutes\" \/>\n<script type=\"application\/ld+json\" class=\"yoast-schema-graph\">{\"@context\":\"https:\/\/schema.org\",\"@graph\":[{\"@type\":\"WebPage\",\"@id\":\"https:\/\/dale-carnegie.ch\/en\/general-terms-and-conditions\/\",\"url\":\"https:\/\/dale-carnegie.ch\/en\/general-terms-and-conditions\/\",\"name\":\"Allgemeine Gesch\u00e4ftsbedingungen\",\"isPartOf\":{\"@id\":\"https:\/\/dale-carnegie.ch\/de\/#website\"},\"datePublished\":\"2018-05-01T10:28:23+00:00\",\"dateModified\":\"2018-06-29T12:53:55+00:00\",\"description\":\"Hier erfahren Sie mehr \u00fcber die Allgemeinen Gesch\u00e4ftsbedingungen von Dale Carnegie Training Schweiz.\",\"breadcrumb\":{\"@id\":\"https:\/\/dale-carnegie.ch\/en\/general-terms-and-conditions\/#breadcrumb\"},\"inLanguage\":\"en-US\",\"potentialAction\":[{\"@type\":\"ReadAction\",\"target\":[\"https:\/\/dale-carnegie.ch\/en\/general-terms-and-conditions\/\"]}]},{\"@type\":\"BreadcrumbList\",\"@id\":\"https:\/\/dale-carnegie.ch\/en\/general-terms-and-conditions\/#breadcrumb\",\"itemListElement\":[{\"@type\":\"ListItem\",\"position\":1,\"name\":\"Startseite\",\"item\":\"https:\/\/dale-carnegie.ch\/en\/dalecarnegie-ch\/\"},{\"@type\":\"ListItem\",\"position\":2,\"name\":\"general terms and conditions\"}]},{\"@type\":\"WebSite\",\"@id\":\"https:\/\/dale-carnegie.ch\/de\/#website\",\"url\":\"https:\/\/dale-carnegie.ch\/de\/\",\"name\":\"Dale Carnegie Training Schweiz\",\"description\":\"Dale Carnegie Training Schweiz\",\"publisher\":{\"@id\":\"https:\/\/dale-carnegie.ch\/de\/#organization\"},\"potentialAction\":[{\"@type\":\"SearchAction\",\"target\":{\"@type\":\"EntryPoint\",\"urlTemplate\":\"https:\/\/dale-carnegie.ch\/de\/?s={search_term_string}\"},\"query-input\":{\"@type\":\"PropertyValueSpecification\",\"valueRequired\":true,\"valueName\":\"search_term_string\"}}],\"inLanguage\":\"en-US\"},{\"@type\":\"Organization\",\"@id\":\"https:\/\/dale-carnegie.ch\/de\/#organization\",\"name\":\"Dale Carnegie Training Schweiz\",\"url\":\"https:\/\/dale-carnegie.ch\/de\/\",\"logo\":{\"@type\":\"ImageObject\",\"inLanguage\":\"en-US\",\"@id\":\"https:\/\/dale-carnegie.ch\/de\/#\/schema\/logo\/image\/\",\"url\":\"https:\/\/dale-carnegie.ch\/wp-content\/uploads\/dalecarnegie_logo.svg\",\"contentUrl\":\"https:\/\/dale-carnegie.ch\/wp-content\/uploads\/dalecarnegie_logo.svg\",\"caption\":\"Dale Carnegie Training Schweiz\"},\"image\":{\"@id\":\"https:\/\/dale-carnegie.ch\/de\/#\/schema\/logo\/image\/\"},\"sameAs\":[\"https:\/\/www.facebook.com\/DaleCarnegieTrainingSchweiz\/\",\"https:\/\/www.linkedin.com\/company\/dale-carnegie-training-schweiz\/\",\"https:\/\/www.youtube.com\/user\/pal8583\"]}]}<\/script>\n<!-- \/ Yoast SEO plugin. -->","yoast_head_json":{"title":"Allgemeine Gesch\u00e4ftsbedingungen","description":"Hier erfahren Sie mehr \u00fcber die Allgemeinen Gesch\u00e4ftsbedingungen von Dale Carnegie Training Schweiz.","robots":{"index":"index","follow":"follow","max-snippet":"max-snippet:-1","max-image-preview":"max-image-preview:large","max-video-preview":"max-video-preview:-1"},"canonical":"https:\/\/dale-carnegie.ch\/en\/general-terms-and-conditions\/","og_locale":"en_US","og_type":"article","og_title":"Allgemeine Gesch\u00e4ftsbedingungen","og_description":"Hier erfahren Sie mehr \u00fcber die Allgemeinen Gesch\u00e4ftsbedingungen von Dale Carnegie Training Schweiz.","og_url":"https:\/\/dale-carnegie.ch\/en\/general-terms-and-conditions\/","og_site_name":"Dale Carnegie Training Schweiz","article_publisher":"https:\/\/www.facebook.com\/DaleCarnegieTrainingSchweiz\/","article_modified_time":"2018-06-29T12:53:55+00:00","twitter_card":"summary_large_image","twitter_misc":{"Est. reading time":"3 minutes"},"schema":{"@context":"https:\/\/schema.org","@graph":[{"@type":"WebPage","@id":"https:\/\/dale-carnegie.ch\/en\/general-terms-and-conditions\/","url":"https:\/\/dale-carnegie.ch\/en\/general-terms-and-conditions\/","name":"Allgemeine Gesch\u00e4ftsbedingungen","isPartOf":{"@id":"https:\/\/dale-carnegie.ch\/de\/#website"},"datePublished":"2018-05-01T10:28:23+00:00","dateModified":"2018-06-29T12:53:55+00:00","description":"Hier erfahren Sie mehr \u00fcber die Allgemeinen Gesch\u00e4ftsbedingungen von Dale Carnegie Training Schweiz.","breadcrumb":{"@id":"https:\/\/dale-carnegie.ch\/en\/general-terms-and-conditions\/#breadcrumb"},"inLanguage":"en-US","potentialAction":[{"@type":"ReadAction","target":["https:\/\/dale-carnegie.ch\/en\/general-terms-and-conditions\/"]}]},{"@type":"BreadcrumbList","@id":"https:\/\/dale-carnegie.ch\/en\/general-terms-and-conditions\/#breadcrumb","itemListElement":[{"@type":"ListItem","position":1,"name":"Startseite","item":"https:\/\/dale-carnegie.ch\/en\/dalecarnegie-ch\/"},{"@type":"ListItem","position":2,"name":"general terms and conditions"}]},{"@type":"WebSite","@id":"https:\/\/dale-carnegie.ch\/de\/#website","url":"https:\/\/dale-carnegie.ch\/de\/","name":"Dale Carnegie Training Schweiz","description":"Dale Carnegie Training Schweiz","publisher":{"@id":"https:\/\/dale-carnegie.ch\/de\/#organization"},"potentialAction":[{"@type":"SearchAction","target":{"@type":"EntryPoint","urlTemplate":"https:\/\/dale-carnegie.ch\/de\/?s={search_term_string}"},"query-input":{"@type":"PropertyValueSpecification","valueRequired":true,"valueName":"search_term_string"}}],"inLanguage":"en-US"},{"@type":"Organization","@id":"https:\/\/dale-carnegie.ch\/de\/#organization","name":"Dale Carnegie Training Schweiz","url":"https:\/\/dale-carnegie.ch\/de\/","logo":{"@type":"ImageObject","inLanguage":"en-US","@id":"https:\/\/dale-carnegie.ch\/de\/#\/schema\/logo\/image\/","url":"https:\/\/dale-carnegie.ch\/wp-content\/uploads\/dalecarnegie_logo.svg","contentUrl":"https:\/\/dale-carnegie.ch\/wp-content\/uploads\/dalecarnegie_logo.svg","caption":"Dale Carnegie Training Schweiz"},"image":{"@id":"https:\/\/dale-carnegie.ch\/de\/#\/schema\/logo\/image\/"},"sameAs":["https:\/\/www.facebook.com\/DaleCarnegieTrainingSchweiz\/","https:\/\/www.linkedin.com\/company\/dale-carnegie-training-schweiz\/","https:\/\/www.youtube.com\/user\/pal8583"]}]}},"_links":{"self":[{"href":"https:\/\/dale-carnegie.ch\/en\/wp-json\/wp\/v2\/pages\/1885","targetHints":{"allow":["GET"]}}],"collection":[{"href":"https:\/\/dale-carnegie.ch\/en\/wp-json\/wp\/v2\/pages"}],"about":[{"href":"https:\/\/dale-carnegie.ch\/en\/wp-json\/wp\/v2\/types\/page"}],"author":[{"embeddable":true,"href":"https:\/\/dale-carnegie.ch\/en\/wp-json\/wp\/v2\/users\/1"}],"replies":[{"embeddable":true,"href":"https:\/\/dale-carnegie.ch\/en\/wp-json\/wp\/v2\/comments?post=1885"}],"version-history":[{"count":5,"href":"https:\/\/dale-carnegie.ch\/en\/wp-json\/wp\/v2\/pages\/1885\/revisions"}],"predecessor-version":[{"id":2391,"href":"https:\/\/dale-carnegie.ch\/en\/wp-json\/wp\/v2\/pages\/1885\/revisions\/2391"}],"wp:attachment":[{"href":"https:\/\/dale-carnegie.ch\/en\/wp-json\/wp\/v2\/media?parent=1885"}],"curies":[{"name":"wp","href":"https:\/\/api.w.org\/{rel}","templated":true}]}}